{"id":225,"date":"2025-09-10T09:30:21","date_gmt":"2025-09-10T09:30:21","guid":{"rendered":"https:\/\/hyronix-tech.com\/?page_id=225"},"modified":"2025-09-15T04:54:12","modified_gmt":"2025-09-15T04:54:12","slug":"company-profile","status":"publish","type":"page","link":"https:\/\/www.hyronix-tech.com\/es\/company-profile\/","title":{"rendered":"Perfil de la empresa"},"content":{"rendered":"<div data-elementor-type=\"wp-page\" data-elementor-id=\"225\" class=\"elementor elementor-225\" data-elementor-post-type=\"page\">\n\t\t\t\t\t\t<section class=\"elementor-section elementor-top-section elementor-element elementor-element-f55eca5 elementor-section-boxed elementor-section-height-default elementor-section-height-default\" data-id=\"f55eca5\" data-element_type=\"section\" data-e-type=\"section\" data-settings=\"{&quot;background_background&quot;:&quot;classic&quot;}\">\n\t\t\t\t\t\t\t<div class=\"elementor-background-overlay\"><\/div>\n\t\t\t\t\t\t\t<div class=\"elementor-container elementor-column-gap-default\">\n\t\t\t\t\t<div class=\"elementor-column elementor-col-100 elementor-top-column elementor-element elementor-element-2b9aa28\" data-id=\"2b9aa28\" data-element_type=\"column\" data-e-type=\"column\">\n\t\t\t<div class=\"elementor-widget-wrap elementor-element-populated\">\n\t\t\t\t\t\t<section class=\"elementor-section elementor-inner-section elementor-element elementor-element-4ae7bf2 elementor-section-boxed elementor-section-height-default elementor-section-height-default\" data-id=\"4ae7bf2\" data-element_type=\"section\" data-e-type=\"section\">\n\t\t\t\t\t\t<div class=\"elementor-container elementor-column-gap-default\">\n\t\t\t\t\t<div class=\"elementor-column elementor-col-100 elementor-inner-column elementor-element elementor-element-dfcb677\" data-id=\"dfcb677\" data-element_type=\"column\" data-e-type=\"column\">\n\t\t\t<div class=\"elementor-widget-wrap elementor-element-populated\">\n\t\t\t\t\t\t<div class=\"elementor-element elementor-element-79ce71d animated-fast elementor-invisible elementor-widget elementor-widget-heading\" data-id=\"79ce71d\" data-element_type=\"widget\" data-e-type=\"widget\" data-settings=\"{&quot;_animation&quot;:&quot;fadeInUp&quot;}\" data-widget_type=\"heading.default\">\n\t\t\t\t\t<h1 class=\"elementor-heading-title elementor-size-default\">Perfil de la empresa<\/h1>\t\t\t\t<\/div>\n\t\t\t\t\t<\/div>\n\t\t<\/div>\n\t\t\t\t\t<\/div>\n\t\t<\/section>\n\t\t\t\t\t<\/div>\n\t\t<\/div>\n\t\t\t\t\t<\/div>\n\t\t<\/section>\n\t\t\t\t<section class=\"elementor-section elementor-top-section elementor-element elementor-element-23ab363 elementor-section-content-middle elementor-section-boxed elementor-section-height-default elementor-section-height-default\" data-id=\"23ab363\" data-element_type=\"section\" data-e-type=\"section\">\n\t\t\t\t\t\t<div class=\"elementor-container elementor-column-gap-default\">\n\t\t\t\t\t<div class=\"elementor-column elementor-col-100 elementor-top-column elementor-element elementor-element-7707eb5 elementor-invisible\" data-id=\"7707eb5\" data-element_type=\"column\" data-e-type=\"column\" data-settings=\"{&quot;animation&quot;:&quot;fadeInLeft&quot;}\">\n\t\t\t<div class=\"elementor-widget-wrap elementor-element-populated\">\n\t\t\t\t\t\t<div class=\"elementor-element elementor-element-656c653 elementor-widget elementor-widget-text-editor\" data-id=\"656c653\" data-element_type=\"widget\" data-e-type=\"widget\" data-widget_type=\"text-editor.default\">\n\t\t\t\t\t\t\t\t\t<p>Enlaces amistosos: En 2018, Hyronix technology co., Ltd fue seleccionada como candidata al \"Premio al Rendimiento Exceptional\" en la Encuesta de Distribuidores de Componentes Electr\u00f3nicos de China de 2019 por \"International Electronic Business News\"; El mismo a\u00f1o, recibi\u00f3 el honor de \"Proveedor de Calidad\" de la Red Electr\u00f3nica de Huaqiang y la certificaci\u00f3n de \"Miembro de Chengyitong\". En 2020 obtuvo la certificaci\u00f3n spot del Mercado Electr\u00f3nico VLK y, en el mismo a\u00f1o, obtuvo el certificado de producci\u00f3n autorizada de la marca \u201cSEP\u201d. En 2021, el Gobierno Popular del Distrito de Futian, Shenzhen, otorg\u00f3 a Hyronix technology co., Ltd la placa de \"Huaqiangbei China Electronic Market China Price Index Data Collection Point\", lo que hace que Hyronix technology co., Ltd Semiconductor sea muy buscado en la industria electr\u00f3nica. En 2022, recibi\u00f3 la certificaci\u00f3n spot VLK y gan\u00f3 el premio \u201cProveedor de Calidad\u201d de la Red de Comercio de Componentes Electr\u00f3nicos; En el mismo a\u00f1o, tambi\u00e9n recibi\u00f3 el premio de \"Comerciante de Informes de Calidad\" en el Punto de Recopilaci\u00f3n de Datos del \u00cdndice de Precios de China en Huaqiangbei.<\/p><p>Con una calidad fuerte y un servicio posventa perfecto, Hyronix Technology Co., Ltd Semiconductor ha salido del pa\u00eds y ha abierto la puerta al mundo entero. Los productos se exportan principalmente a Europa, Jap\u00f3n, los Estados Unidos, Corea del Sur, el sudeste asi\u00e1tico, Hong Kong, Taiw\u00e1n y otros pa\u00edses y regiones, disfrutando de una buena reputaci\u00f3n tanto en los mercados nacionales como internacionales. La sede de ventas de Shenzhen act\u00faa como un agente para marcas de circuitos integrados mundialmente famosas, con un stock de productos originales por valor de m\u00e1s de 10 millones de yuanes y cooperaci\u00f3n comercial con m\u00e1s de 200 agentes en todo el mundo.<\/p><p>Hyronix technology co., Ltd. Semiconductor Technology (Group) Co., Ltd. es una agencia y organizaci\u00f3n de distribuci\u00f3n de componentes electr\u00f3nicos grandes y profesionales. Es una empresa de alta tecnolog\u00eda que integra el marketing de componentes electr\u00f3nicos, la consultor\u00eda t\u00e9cnica y los servicios de informaci\u00f3n. Con muchos a\u00f1os de experiencia en la comercializaci\u00f3n y promoci\u00f3n de semiconductores, ofrece servicios de calidad a distribuidores y mayoristas nacionales y extranjeros. Hay un gran inventario de bienes disponibles en Hong Kong y el continente, con entrega r\u00e1pida, nuevo embalaje original y una reputaci\u00f3n de cumplir las promesas, lo que gana la confianza del usuario.<\/p>\t\t\t\t\t\t\t\t<\/div>\n\t\t\t\t<div class=\"elementor-element elementor-element-8085c6f elementor-widget elementor-widget-image\" data-id=\"8085c6f\" data-element_type=\"widget\" data-e-type=\"widget\" data-widget_type=\"image.default\">\n\t\t\t\t\t\t\t\t\t\t\t\t\t\t\t<img fetchpriority=\"high\" decoding=\"async\" width=\"1200\" height=\"559\" src=\"https:\/\/www.hyronix-tech.com\/wp-content\/uploads\/2025\/09\/e.jpg\" class=\"attachment-full size-full wp-image-227\" alt=\"\" srcset=\"https:\/\/www.hyronix-tech.com\/wp-content\/uploads\/2025\/09\/e.jpg 1200w, https:\/\/www.hyronix-tech.com\/wp-content\/uploads\/2025\/09\/e-300x140.jpg 300w, https:\/\/www.hyronix-tech.com\/wp-content\/uploads\/2025\/09\/e-1024x477.jpg 1024w, https:\/\/www.hyronix-tech.com\/wp-content\/uploads\/2025\/09\/e-768x358.jpg 768w\" sizes=\"(max-width: 1200px) 100vw, 1200px\" \/>\t\t\t\t\t\t\t\t\t\t\t\t\t\t\t<\/div>\n\t\t\t\t\t<\/div>\n\t\t<\/div>\n\t\t\t\t\t<\/div>\n\t\t<\/section>\n\t\t\t\t<\/div>","protected":false},"excerpt":{"rendered":"<p>In 2018, Hyronix technology co.,Ltd was selected as a candidate for the &#8220;Outstanding Performance Award&#8221; in the 2019 China Electronic Components Distributor Survey by &#8220;International Electronic Business News&#8221;; the same year, it received the &#8220;Quality Supplier&#8221; honor from Huaqiang Electronic Network and the &#8220;Chengyitong Member&#8221; certification. In 2020, it obtained the VLK Electronic Market&#8217;s spot [&hellip;]<\/p>","protected":false},"author":1,"featured_media":0,"parent":0,"menu_order":0,"comment_status":"closed","ping_status":"closed","template":"","meta":{"footnotes":""},"class_list":["post-225","page","type-page","status-publish","hentry"],"yoast_head":"<!-- This site is optimized with the Yoast SEO plugin v27.4 - https:\/\/yoast.com\/product\/yoast-seo-wordpress\/ -->\n<title>Company Profile - Hyronix technology co.,Ltd<\/title>\n<meta name=\"robots\" content=\"index, follow, max-snippet:-1, max-image-preview:large, max-video-preview:-1\" \/>\n<link rel=\"canonical\" href=\"https:\/\/www.hyronix-tech.com\/es\/company-profile\/\" \/>\n<meta property=\"og:locale\" content=\"es_ES\" \/>\n<meta property=\"og:type\" content=\"article\" \/>\n<meta property=\"og:title\" content=\"Company Profile - Hyronix technology co.,Ltd\" \/>\n<meta property=\"og:description\" content=\"In 2018, Hyronix technology co.,Ltd was selected as a candidate for the &#8220;Outstanding Performance Award&#8221; in the 2019 China Electronic Components Distributor Survey by &#8220;International Electronic Business News&#8221;; the same year, it received the &#8220;Quality Supplier&#8221; honor from Huaqiang Electronic Network and the &#8220;Chengyitong Member&#8221; certification. In 2020, it obtained the VLK Electronic Market&#8217;s spot [&hellip;]\" \/>\n<meta property=\"og:url\" content=\"https:\/\/www.hyronix-tech.com\/es\/company-profile\/\" \/>\n<meta property=\"og:site_name\" content=\"Hyronix technology co.,Ltd\" \/>\n<meta property=\"article:modified_time\" content=\"2025-09-15T04:54:12+00:00\" \/>\n<meta property=\"og:image\" content=\"https:\/\/hyronix-tech.com\/wp-content\/uploads\/2025\/09\/e.jpg\" \/>\n<meta name=\"twitter:card\" content=\"summary_large_image\" \/>\n<meta name=\"twitter:label1\" content=\"Tiempo de lectura\" \/>\n\t<meta name=\"twitter:data1\" content=\"2 minutos\" \/>\n<script type=\"application\/ld+json\" class=\"yoast-schema-graph\">{\"@context\":\"https:\\\/\\\/schema.org\",\"@graph\":[{\"@type\":\"WebPage\",\"@id\":\"https:\\\/\\\/www.hyronix-tech.com\\\/company-profile\\\/\",\"url\":\"https:\\\/\\\/www.hyronix-tech.com\\\/company-profile\\\/\",\"name\":\"Company Profile - Hyronix technology co.,Ltd\",\"isPartOf\":{\"@id\":\"https:\\\/\\\/www.hyronix-tech.com\\\/#website\"},\"primaryImageOfPage\":{\"@id\":\"https:\\\/\\\/www.hyronix-tech.com\\\/company-profile\\\/#primaryimage\"},\"image\":{\"@id\":\"https:\\\/\\\/www.hyronix-tech.com\\\/company-profile\\\/#primaryimage\"},\"thumbnailUrl\":\"https:\\\/\\\/hyronix-tech.com\\\/wp-content\\\/uploads\\\/2025\\\/09\\\/e.jpg\",\"datePublished\":\"2025-09-10T09:30:21+00:00\",\"dateModified\":\"2025-09-15T04:54:12+00:00\",\"breadcrumb\":{\"@id\":\"https:\\\/\\\/www.hyronix-tech.com\\\/company-profile\\\/#breadcrumb\"},\"inLanguage\":\"es\",\"potentialAction\":[{\"@type\":\"ReadAction\",\"target\":[\"https:\\\/\\\/www.hyronix-tech.com\\\/company-profile\\\/\"]}]},{\"@type\":\"ImageObject\",\"inLanguage\":\"es\",\"@id\":\"https:\\\/\\\/www.hyronix-tech.com\\\/company-profile\\\/#primaryimage\",\"url\":\"https:\\\/\\\/hyronix-tech.com\\\/wp-content\\\/uploads\\\/2025\\\/09\\\/e.jpg\",\"contentUrl\":\"https:\\\/\\\/hyronix-tech.com\\\/wp-content\\\/uploads\\\/2025\\\/09\\\/e.jpg\"},{\"@type\":\"BreadcrumbList\",\"@id\":\"https:\\\/\\\/www.hyronix-tech.com\\\/company-profile\\\/#breadcrumb\",\"itemListElement\":[{\"@type\":\"ListItem\",\"position\":1,\"name\":\"\u9996\u9875\",\"item\":\"https:\\\/\\\/www.hyronix-tech.com\\\/\"},{\"@type\":\"ListItem\",\"position\":2,\"name\":\"Company Profile\"}]},{\"@type\":\"WebSite\",\"@id\":\"https:\\\/\\\/www.hyronix-tech.com\\\/#website\",\"url\":\"https:\\\/\\\/www.hyronix-tech.com\\\/\",\"name\":\"Hyronix technology co.,Ltd\",\"description\":\"\",\"potentialAction\":[{\"@type\":\"SearchAction\",\"target\":{\"@type\":\"EntryPoint\",\"urlTemplate\":\"https:\\\/\\\/www.hyronix-tech.com\\\/?s={search_term_string}\"},\"query-input\":{\"@type\":\"PropertyValueSpecification\",\"valueRequired\":true,\"valueName\":\"search_term_string\"}}],\"inLanguage\":\"es\"}]}<\/script>\n<!-- \/ Yoast SEO plugin. -->","yoast_head_json":{"title":"Company Profile - Hyronix technology co.,Ltd","robots":{"index":"index","follow":"follow","max-snippet":"max-snippet:-1","max-image-preview":"max-image-preview:large","max-video-preview":"max-video-preview:-1"},"canonical":"https:\/\/www.hyronix-tech.com\/es\/company-profile\/","og_locale":"es_ES","og_type":"article","og_title":"Company Profile - Hyronix technology co.,Ltd","og_description":"In 2018, Hyronix technology co.,Ltd was selected as a candidate for the &#8220;Outstanding Performance Award&#8221; in the 2019 China Electronic Components Distributor Survey by &#8220;International Electronic Business News&#8221;; the same year, it received the &#8220;Quality Supplier&#8221; honor from Huaqiang Electronic Network and the &#8220;Chengyitong Member&#8221; certification. In 2020, it obtained the VLK Electronic Market&#8217;s spot [&hellip;]","og_url":"https:\/\/www.hyronix-tech.com\/es\/company-profile\/","og_site_name":"Hyronix technology co.,Ltd","article_modified_time":"2025-09-15T04:54:12+00:00","og_image":[{"url":"https:\/\/hyronix-tech.com\/wp-content\/uploads\/2025\/09\/e.jpg","type":"","width":"","height":""}],"twitter_card":"summary_large_image","twitter_misc":{"Tiempo de lectura":"2 minutos"},"schema":{"@context":"https:\/\/schema.org","@graph":[{"@type":"WebPage","@id":"https:\/\/www.hyronix-tech.com\/company-profile\/","url":"https:\/\/www.hyronix-tech.com\/company-profile\/","name":"Company Profile - Hyronix technology co.,Ltd","isPartOf":{"@id":"https:\/\/www.hyronix-tech.com\/#website"},"primaryImageOfPage":{"@id":"https:\/\/www.hyronix-tech.com\/company-profile\/#primaryimage"},"image":{"@id":"https:\/\/www.hyronix-tech.com\/company-profile\/#primaryimage"},"thumbnailUrl":"https:\/\/hyronix-tech.com\/wp-content\/uploads\/2025\/09\/e.jpg","datePublished":"2025-09-10T09:30:21+00:00","dateModified":"2025-09-15T04:54:12+00:00","breadcrumb":{"@id":"https:\/\/www.hyronix-tech.com\/company-profile\/#breadcrumb"},"inLanguage":"es","potentialAction":[{"@type":"ReadAction","target":["https:\/\/www.hyronix-tech.com\/company-profile\/"]}]},{"@type":"ImageObject","inLanguage":"es","@id":"https:\/\/www.hyronix-tech.com\/company-profile\/#primaryimage","url":"https:\/\/hyronix-tech.com\/wp-content\/uploads\/2025\/09\/e.jpg","contentUrl":"https:\/\/hyronix-tech.com\/wp-content\/uploads\/2025\/09\/e.jpg"},{"@type":"BreadcrumbList","@id":"https:\/\/www.hyronix-tech.com\/company-profile\/#breadcrumb","itemListElement":[{"@type":"ListItem","position":1,"name":"\u9996\u9875","item":"https:\/\/www.hyronix-tech.com\/"},{"@type":"ListItem","position":2,"name":"Company Profile"}]},{"@type":"WebSite","@id":"https:\/\/www.hyronix-tech.com\/#website","url":"https:\/\/www.hyronix-tech.com\/","name":"Hyronix technology co.,Ltd","description":"","potentialAction":[{"@type":"SearchAction","target":{"@type":"EntryPoint","urlTemplate":"https:\/\/www.hyronix-tech.com\/?s={search_term_string}"},"query-input":{"@type":"PropertyValueSpecification","valueRequired":true,"valueName":"search_term_string"}}],"inLanguage":"es"}]}},"_links":{"self":[{"href":"https:\/\/www.hyronix-tech.com\/es\/wp-json\/wp\/v2\/pages\/225","targetHints":{"allow":["GET"]}}],"collection":[{"href":"https:\/\/www.hyronix-tech.com\/es\/wp-json\/wp\/v2\/pages"}],"about":[{"href":"https:\/\/www.hyronix-tech.com\/es\/wp-json\/wp\/v2\/types\/page"}],"author":[{"embeddable":true,"href":"https:\/\/www.hyronix-tech.com\/es\/wp-json\/wp\/v2\/users\/1"}],"replies":[{"embeddable":true,"href":"https:\/\/www.hyronix-tech.com\/es\/wp-json\/wp\/v2\/comments?post=225"}],"version-history":[{"count":19,"href":"https:\/\/www.hyronix-tech.com\/es\/wp-json\/wp\/v2\/pages\/225\/revisions"}],"predecessor-version":[{"id":423,"href":"https:\/\/www.hyronix-tech.com\/es\/wp-json\/wp\/v2\/pages\/225\/revisions\/423"}],"wp:attachment":[{"href":"https:\/\/www.hyronix-tech.com\/es\/wp-json\/wp\/v2\/media?parent=225"}],"curies":[{"name":"wp","href":"https:\/\/api.w.org\/{rel}","templated":true}]}}